{"id":32,"date":"2024-11-15T04:00:02","date_gmt":"2024-11-15T03:00:02","guid":{"rendered":"https:\/\/www.eklesio.com\/studio\/?page_id=32"},"modified":"2025-03-27T14:46:19","modified_gmt":"2025-03-27T13:46:19","slug":"qui-sommes-nous","status":"publish","type":"page","link":"https:\/\/www.eklesio.com\/studio\/qui-sommes-nous\/","title":{"rendered":"Qui sommes nous ?"},"content":{"rendered":"\n<div class=\"wp-block-group alignwide trigger group-with-padding group-with-2-columns  variation-1 has-light-grey-background-color has-background is-layout-constrained wp-block-group-is-layout-constrained\">\n<div class=\"wp-block-columns are-vertically-aligned-center is-not-stacked-on-mobile is-layout-flex wp-container-core-columns-is-layout-1 wp-block-columns-is-layout-flex\">\n<div class=\"wp-block-column is-vertically-aligned-center reveal is-layout-flow wp-block-column-is-layout-flow\" style=\"flex-basis:66.66%\">\n<h1 class=\"wp-block-heading\">Le studio expert en email marketing<\/h1>\n\n\n\n<div class=\"wp-block-group is-layout-constrained wp-block-group-is-layout-constrained\">\n<div style=\"height:16px\" aria-hidden=\"true\" class=\"wp-block-spacer is-style-spacer-small is-style-spacer-medium\"><\/div>\n\n\n\n<figure class=\"wp-block-image size-full\"><img decoding=\"async\" src=\"https:\/\/www.eklesio.com\/studio\/wp-content\/uploads\/2024\/11\/sep.svg\" alt=\"\" class=\"wp-image-50\"\/><\/figure>\n\n\n\n<div style=\"height:16px\" aria-hidden=\"true\" class=\"wp-block-spacer is-style-spacer-small is-style-spacer-medium\"><\/div>\n<\/div>\n\n\n\n<p>Au d\u00e9part sp\u00e9cialis\u00e9 sur l&rsquo;activit\u00e9 de routage et de conseil, le studio d&rsquo;eklesio a d\u00e9velopp\u00e9 son expertise afin de proposer une gamme compl\u00e8te de service en email marketing : int\u00e9gration HTML full responsive, audit, gestion de bases de donn\u00e9es, cr\u00e9ation de formulaires et de landing pages, hyper-personnalisation, interactivit\u00e9, marketing automation, d\u00e9livrabilit\u00e9.<\/p>\n<\/div>\n\n\n\n<div class=\"wp-block-column is-vertically-aligned-center reveal is-layout-flow wp-block-column-is-layout-flow\" style=\"flex-basis:33.33%\">\n<figure class=\"wp-block-image size-full\"><img loading=\"lazy\" decoding=\"async\" width=\"320\" height=\"250\" src=\"https:\/\/www.eklesio.com\/studio\/wp-content\/uploads\/2025\/03\/Conseil-et-accompagnement.png\" alt=\"\" class=\"wp-image-546\" srcset=\"https:\/\/www.eklesio.com\/studio\/wp-content\/uploads\/2025\/03\/Conseil-et-accompagnement.png 320w, https:\/\/www.eklesio.com\/studio\/wp-content\/uploads\/2025\/03\/Conseil-et-accompagnement-300x234.png 300w\" sizes=\"auto, (max-width: 320px) 100vw, 320px\" \/><\/figure>\n<\/div>\n<\/div>\n<\/div>\n\n\n\n<div class=\"wp-block-group trigger group-with-padding is-layout-constrained wp-block-group-is-layout-constrained\">\n<div class=\"wp-block-group is-layout-constrained wp-block-group-is-layout-constrained\">\n<h2 class=\"wp-block-heading has-text-align-center is-style-h2-style-1\">Nos r\u00e9f\u00e9rences<\/h2>\n\n\n\n<figure class=\"wp-block-image aligncenter size-full\"><img decoding=\"async\" src=\"https:\/\/www.eklesio.com\/studio\/wp-content\/uploads\/2024\/11\/sep.svg\" alt=\"\" class=\"wp-image-50\"\/><\/figure>\n\n\n\n<div style=\"height:32px\" aria-hidden=\"true\" class=\"wp-block-spacer\"><\/div>\n<\/div>\n\n\n\n<div style=\"height:100px\" aria-hidden=\"true\" class=\"wp-block-spacer is-style-spacer-large\"><\/div>\n\n\n\n\n<div class=\"block-references\" >\n\n    \n        <div class=\"slider\" id=\"slider\" >\n\n\t\t\t<div class=\"slider-wrapper\">\n\n\t\t\t\t\n\t\t\t\t\t<div class=\"slider-slide\">\n\n\t\t\t\t\t\t\n\t\t\t\t\t\t\t<img decoding=\"async\" src=\"https:\/\/www.eklesio.com\/studio\/wp-content\/uploads\/2025\/03\/comexposium.png\">\n\n\t\t\t\t\t\t    \n\t\t\t\t\t\t\n\t\t\t\t\t<\/div>\n\n\t\t\t\t\n\t\t\t\t\t<div class=\"slider-slide\">\n\n\t\t\t\t\t\t\n\t\t\t\t\t\t\t<img decoding=\"async\" src=\"https:\/\/www.eklesio.com\/studio\/wp-content\/uploads\/2025\/03\/banque-populaire-ara-logo-2lg-rvb-p.png\">\n\n\t\t\t\t\t\t    \n\t\t\t\t\t\t\n\t\t\t\t\t<\/div>\n\n\t\t\t\t\n\t\t\t\t\t<div class=\"slider-slide\">\n\n\t\t\t\t\t\t\n\t\t\t\t\t\t\t<img decoding=\"async\" src=\"https:\/\/www.eklesio.com\/studio\/wp-content\/uploads\/2025\/03\/LOGO-TOULOUSE-EVENTS-NOIR-RVB-scaled.jpg\">\n\n\t\t\t\t\t\t    \n\t\t\t\t\t\t\n\t\t\t\t\t<\/div>\n\n\t\t\t\t\n\t\t\t\t\t<div class=\"slider-slide\">\n\n\t\t\t\t\t\t\n\t\t\t\t\t\t\t<img decoding=\"async\" src=\"https:\/\/www.eklesio.com\/studio\/wp-content\/uploads\/2025\/03\/logo-handicap-fr.gif\">\n\n\t\t\t\t\t\t    \n\t\t\t\t\t\t\n\t\t\t\t\t<\/div>\n\n\t\t\t\t\n\t\t\t\t\t<div class=\"slider-slide\">\n\n\t\t\t\t\t\t\n\t\t\t\t\t\t\t<img decoding=\"async\" src=\"https:\/\/www.eklesio.com\/studio\/wp-content\/uploads\/2025\/03\/Viatris.png.webp\">\n\n\t\t\t\t\t\t    \n\t\t\t\t\t\t\n\t\t\t\t\t<\/div>\n\n\t\t\t\t\n\t\t\t<\/div>\n\n\t\t\n\t\t\t<div aria-hidden=\"true\" class=\"slider-wrapper\">\n\n\t\t\t\t\n\t\t\t\t\t<div class=\"slider-slide\">\n\n\t\t\t\t\t\t\n\t\t\t\t\t\t\t<img decoding=\"async\" src=\"https:\/\/www.eklesio.com\/studio\/wp-content\/uploads\/2025\/03\/comexposium.png\">\n\n\t\t\t\t\t\t    \n\t\t\t\t\t\t\n\t\t\t\t\t<\/div>\n\n\t\t\t\t\n\t\t\t\t\t<div class=\"slider-slide\">\n\n\t\t\t\t\t\t\n\t\t\t\t\t\t\t<img decoding=\"async\" src=\"https:\/\/www.eklesio.com\/studio\/wp-content\/uploads\/2025\/03\/banque-populaire-ara-logo-2lg-rvb-p.png\">\n\n\t\t\t\t\t\t    \n\t\t\t\t\t\t\n\t\t\t\t\t<\/div>\n\n\t\t\t\t\n\t\t\t\t\t<div class=\"slider-slide\">\n\n\t\t\t\t\t\t\n\t\t\t\t\t\t\t<img decoding=\"async\" src=\"https:\/\/www.eklesio.com\/studio\/wp-content\/uploads\/2025\/03\/LOGO-TOULOUSE-EVENTS-NOIR-RVB-scaled.jpg\">\n\n\t\t\t\t\t\t    \n\t\t\t\t\t\t\n\t\t\t\t\t<\/div>\n\n\t\t\t\t\n\t\t\t\t\t<div class=\"slider-slide\">\n\n\t\t\t\t\t\t\n\t\t\t\t\t\t\t<img decoding=\"async\" src=\"https:\/\/www.eklesio.com\/studio\/wp-content\/uploads\/2025\/03\/logo-handicap-fr.gif\">\n\n\t\t\t\t\t\t    \n\t\t\t\t\t\t\n\t\t\t\t\t<\/div>\n\n\t\t\t\t\n\t\t\t\t\t<div class=\"slider-slide\">\n\n\t\t\t\t\t\t\n\t\t\t\t\t\t\t<img decoding=\"async\" src=\"https:\/\/www.eklesio.com\/studio\/wp-content\/uploads\/2025\/03\/Viatris.png.webp\">\n\n\t\t\t\t\t\t    \n\t\t\t\t\t\t\n\t\t\t\t\t<\/div>\n\n\t\t\t\t\n\t\t\t<\/div>\n\n\t\t<\/div>\n\n    \n<\/div><\/div>\n","protected":false},"excerpt":{"rendered":"<p>Le studio expert en email marketing Au d\u00e9part sp\u00e9cialis\u00e9 sur l&rsquo;activit\u00e9 de routage et de conseil, le studio d&rsquo;eklesio a d\u00e9velopp\u00e9 son expertise afin de proposer une gamme compl\u00e8te de service en email marketing : int\u00e9gration HTML full responsive, audit, gestion de bases de donn\u00e9es, cr\u00e9ation de formulaires et de landing pages, hyper-personnalisation, interactivit\u00e9, marketing [&hellip;]<\/p>\n","protected":false},"author":1,"featured_media":0,"parent":0,"menu_order":0,"comment_status":"closed","ping_status":"closed","template":"","meta":{"_acf_changed":false,"footnotes":""},"class_list":["post-32","page","type-page","status-publish","hentry"],"acf":[],"_links":{"self":[{"href":"https:\/\/www.eklesio.com\/studio\/wp-json\/wp\/v2\/pages\/32","targetHints":{"allow":["GET"]}}],"collection":[{"href":"https:\/\/www.eklesio.com\/studio\/wp-json\/wp\/v2\/pages"}],"about":[{"href":"https:\/\/www.eklesio.com\/studio\/wp-json\/wp\/v2\/types\/page"}],"author":[{"embeddable":true,"href":"https:\/\/www.eklesio.com\/studio\/wp-json\/wp\/v2\/users\/1"}],"replies":[{"embeddable":true,"href":"https:\/\/www.eklesio.com\/studio\/wp-json\/wp\/v2\/comments?post=32"}],"version-history":[{"count":23,"href":"https:\/\/www.eklesio.com\/studio\/wp-json\/wp\/v2\/pages\/32\/revisions"}],"predecessor-version":[{"id":606,"href":"https:\/\/www.eklesio.com\/studio\/wp-json\/wp\/v2\/pages\/32\/revisions\/606"}],"wp:attachment":[{"href":"https:\/\/www.eklesio.com\/studio\/wp-json\/wp\/v2\/media?parent=32"}],"curies":[{"name":"wp","href":"https:\/\/api.w.org\/{rel}","templated":true}]}}