{"id":2,"date":"2024-11-13T11:40:30","date_gmt":"2024-11-13T10:40:30","guid":{"rendered":"https:\/\/www.eklesio.com\/studio\/?page_id=2"},"modified":"2025-03-27T14:06:17","modified_gmt":"2025-03-27T13:06:17","slug":"accueil","status":"publish","type":"page","link":"https:\/\/www.eklesio.com\/studio\/","title":{"rendered":"Accueil"},"content":{"rendered":"\n<div class=\"wp-block-group alignwide trigger group-with-padding group-with-2-columns  variation-1 has-light-blue-background-color has-background is-layout-constrained wp-block-group-is-layout-constrained\">\n<div class=\"wp-block-columns are-vertically-aligned-center is-not-stacked-on-mobile is-layout-flex wp-container-core-columns-is-layout-1 wp-block-columns-is-layout-flex\">\n<div class=\"wp-block-column is-vertically-aligned-center reveal is-layout-flow wp-block-column-is-layout-flow\" style=\"flex-basis:66.66%\">\n<h1 class=\"wp-block-heading\">Le studio d&rsquo;eklesio<\/h1>\n\n\n\n<div class=\"wp-block-group is-layout-constrained wp-block-group-is-layout-constrained\">\n<div style=\"height:16px\" aria-hidden=\"true\" class=\"wp-block-spacer is-style-spacer-small is-style-spacer-medium\"><\/div>\n\n\n\n<figure class=\"wp-block-image size-full\"><img decoding=\"async\" src=\"https:\/\/www.eklesio.com\/studio\/wp-content\/uploads\/2024\/11\/sep.svg\" alt=\"\" class=\"wp-image-50\"\/><\/figure>\n\n\n\n<div style=\"height:16px\" aria-hidden=\"true\" class=\"wp-block-spacer is-style-spacer-small is-style-spacer-medium\"><\/div>\n<\/div>\n\n\n\n<p>Le studio expert en email marketing, pour designer, int\u00e9grer et optimiser l&rsquo;impact de vos campagnes emails, gr\u00e2ce \u00e0 nos solutions sur mesure !<\/p>\n<\/div>\n\n\n\n<div class=\"wp-block-column is-vertically-aligned-center reveal is-layout-flow wp-block-column-is-layout-flow\" style=\"flex-basis:33.33%\">\n<figure class=\"wp-block-image size-full\"><img loading=\"lazy\" decoding=\"async\" width=\"320\" height=\"250\" src=\"https:\/\/www.eklesio.com\/studio\/wp-content\/uploads\/2025\/03\/email-marketing.png\" alt=\"\" class=\"wp-image-536\" srcset=\"https:\/\/www.eklesio.com\/studio\/wp-content\/uploads\/2025\/03\/email-marketing.png 320w, https:\/\/www.eklesio.com\/studio\/wp-content\/uploads\/2025\/03\/email-marketing-300x234.png 300w\" sizes=\"auto, (max-width: 320px) 100vw, 320px\" \/><\/figure>\n<\/div>\n<\/div>\n\n\n\n<div class=\"wp-block-buttons is-layout-flex wp-block-buttons-is-layout-flex\">\n<div class=\"wp-block-button\"><a class=\"wp-block-button__link has-white-color has-light-purple-background-color has-text-color has-background has-link-color wp-element-button\" href=\"https:\/\/www.eklesio.com\/studio\/contact\/\">Contactez-nous !<\/a><\/div>\n<\/div>\n<\/div>\n\n\n\n<div class=\"wp-block-group alignwide group-with-padding group-with-2-columns variation-2 has-white-background-color has-background is-layout-constrained wp-block-group-is-layout-constrained\">\n<div class=\"wp-block-columns are-vertically-aligned-center is-not-stacked-on-mobile is-layout-flex wp-container-core-columns-is-layout-4 wp-block-columns-is-layout-flex\">\n<div class=\"wp-block-column is-vertically-aligned-center has-hover is-layout-flow wp-block-column-is-layout-flow\">\n<div class=\"wp-block-columns is-not-stacked-on-mobile is-layout-flex wp-container-core-columns-is-layout-2 wp-block-columns-is-layout-flex\">\n<div class=\"wp-block-column is-layout-flow wp-block-column-is-layout-flow\">\n<h3 class=\"wp-block-heading\"><strong>Emails marketing<\/strong><\/h3>\n\n\n\n<div class=\"wp-block-group is-layout-constrained wp-block-group-is-layout-constrained\">\n<div style=\"height:16px\" aria-hidden=\"true\" class=\"wp-block-spacer is-style-spacer-medium\"><\/div>\n\n\n\n<figure class=\"wp-block-image size-full\"><img decoding=\"async\" src=\"https:\/\/www.eklesio.com\/studio\/wp-content\/uploads\/2024\/11\/sep.svg\" alt=\"\" class=\"wp-image-50\"\/><\/figure>\n\n\n\n<div style=\"height:16px\" aria-hidden=\"true\" class=\"wp-block-spacer is-style-spacer-medium\"><\/div>\n<\/div>\n\n\n\n<p>Boostez vos r\u00e9sultats avec des campagnes d\u2019email marketing strat\u00e9giques et cr\u00e9atives. Nous offrons des solutions compl\u00e8tes, de la conception \u00e0 l\u2019analyse, pour maximiser l\u2019engagement et la performance de vos messages. Nos experts prennent en charge la production de vos emails et de vos sc\u00e9narios d\u2019automatisation, pour des r\u00e9sultats optimis\u00e9s.<\/p>\n\n\n\n<div style=\"height:24px\" aria-hidden=\"true\" class=\"wp-block-spacer\"><\/div>\n\n\n\n<div class=\"wp-block-buttons is-layout-flex wp-block-buttons-is-layout-flex\">\n<div class=\"wp-block-button is-style-fill\"><a class=\"wp-block-button__link has-white-color has-light-purple-background-color has-text-color has-background has-link-color wp-element-button\" href=\"https:\/\/www.eklesio.com\/studio\/emailing\/\">En savoir +<\/a><\/div>\n<\/div>\n<\/div>\n<\/div>\n<\/div>\n\n\n\n<div class=\"wp-block-column is-vertically-aligned-center has-hover is-layout-flow wp-block-column-is-layout-flow\">\n<div class=\"wp-block-columns is-not-stacked-on-mobile is-layout-flex wp-container-core-columns-is-layout-3 wp-block-columns-is-layout-flex\">\n<div class=\"wp-block-column is-layout-flow wp-block-column-is-layout-flow\">\n<h3 class=\"wp-block-heading\"><strong>Garantie d\u00e9livrabilit\u00e9<\/strong><\/h3>\n\n\n\n<div class=\"wp-block-group is-layout-constrained wp-block-group-is-layout-constrained\">\n<div style=\"height:16px\" aria-hidden=\"true\" class=\"wp-block-spacer is-style-spacer-medium\"><\/div>\n\n\n\n<figure class=\"wp-block-image size-full\"><img decoding=\"async\" src=\"https:\/\/www.eklesio.com\/studio\/wp-content\/uploads\/2024\/11\/sep.svg\" alt=\"\" class=\"wp-image-50\"\/><\/figure>\n\n\n\n<div style=\"height:16px\" aria-hidden=\"true\" class=\"wp-block-spacer is-style-spacer-medium\"><\/div>\n<\/div>\n\n\n\n<p>Transformez vos emails en v\u00e9ritables g\u00e9n\u00e9rateurs de croissance.<\/p>\n\n\n\n<p>Nous optimisons votre strat\u00e9gie d\u2019envoi, analysons les performances, et ajustons chaque d\u00e9tail technique pour maximiser l\u2019impact de vos campagnes.<\/p>\n\n\n\n<div style=\"height:24px\" aria-hidden=\"true\" class=\"wp-block-spacer\"><\/div>\n\n\n\n<div class=\"wp-block-buttons is-layout-flex wp-block-buttons-is-layout-flex\">\n<div class=\"wp-block-button is-style-fill\"><a class=\"wp-block-button__link has-white-color has-light-purple-background-color has-text-color has-background has-link-color wp-element-button\" href=\"https:\/\/www.eklesio.com\/studio\/delivrabilite\/\">En savoir +<\/a><\/div>\n<\/div>\n<\/div>\n<\/div>\n<\/div>\n<\/div>\n<\/div>\n\n\n\n<div class=\"wp-block-group trigger group-with-padding group-with-3-columns chiffres-cles has-light-grey-background-color has-background is-layout-constrained wp-block-group-is-layout-constrained\">\n<div class=\"wp-block-group is-layout-constrained wp-block-group-is-layout-constrained\">\n<h2 class=\"wp-block-heading has-text-align-center is-style-h2-style-1\">Nos chiffres cl\u00e9s<\/h2>\n\n\n\n<div class=\"wp-block-group is-layout-constrained wp-block-group-is-layout-constrained\">\n<div style=\"height:16px\" aria-hidden=\"true\" class=\"wp-block-spacer is-style-spacer-medium\"><\/div>\n\n\n\n<figure class=\"wp-block-image aligncenter size-full\"><img decoding=\"async\" src=\"https:\/\/www.eklesio.com\/studio\/wp-content\/uploads\/2024\/11\/sep.svg\" alt=\"\" class=\"wp-image-50\"\/><\/figure>\n\n\n\n<div style=\"height:16px\" aria-hidden=\"true\" class=\"wp-block-spacer is-style-spacer-medium\"><\/div>\n<\/div>\n<\/div>\n\n\n\n<div style=\"height:100px\" aria-hidden=\"true\" class=\"wp-block-spacer is-style-spacer-medium\"><\/div>\n\n\n\n<div class=\"wp-block-columns is-not-stacked-on-mobile is-layout-flex wp-container-core-columns-is-layout-5 wp-block-columns-is-layout-flex\">\n<div class=\"wp-block-column has-dark-blue-background-color has-background is-layout-flow wp-block-column-is-layout-flow\">\n<p class=\"has-text-align-center number has-white-color has-text-color has-link-color wp-elements-04b9e46c378231288b701eccc275fb47\">786<\/p>\n\n\n\n<p class=\"has-text-align-center title has-white-color has-text-color has-link-color wp-elements-bd2288225a8fd9cae90aa7bab4114bff\">CAMPAGNES en 2024<\/p>\n<\/div>\n\n\n\n<div class=\"wp-block-column has-dark-blue-background-color has-background is-layout-flow wp-block-column-is-layout-flow\">\n<p class=\"has-text-align-center number has-white-color has-text-color has-link-color wp-elements-9571c0ac7ff2adb15a2dbc37511a2dd2\">215<\/p>\n\n\n\n<p class=\"has-text-align-center title has-white-color has-text-color has-link-color wp-elements-d9b395cf2b8bed932204da8f2fc06995\">html en 2024<\/p>\n<\/div>\n\n\n\n<div class=\"wp-block-column is-vertically-aligned-top has-dark-blue-background-color has-background is-layout-flow wp-block-column-is-layout-flow\">\n<div class=\"wp-block-group group-number-with-prefix is-layout-flow wp-block-group-is-layout-flow\">\n<p class=\"has-text-align-center number has-white-color has-text-color has-link-color wp-elements-474f24758a69982bee7cce3a40bd862f\">26<\/p>\n<\/div>\n\n\n\n<p class=\"has-text-align-center title has-white-color has-text-color has-link-color wp-elements-5f8ddd481f10ae099c0b3a3a44c68446\">clients <\/p>\n<\/div>\n<\/div>\n<\/div>\n\n\n\n<div class=\"wp-block-group trigger group-with-padding is-layout-constrained wp-block-group-is-layout-constrained\">\n<div class=\"wp-block-group is-layout-constrained wp-block-group-is-layout-constrained\">\n<h2 class=\"wp-block-heading has-text-align-center is-style-h2-style-1\">Nos r\u00e9f\u00e9rences<\/h2>\n\n\n\n<figure class=\"wp-block-image aligncenter size-full\"><img decoding=\"async\" src=\"https:\/\/www.eklesio.com\/studio\/wp-content\/uploads\/2024\/11\/sep.svg\" alt=\"\" class=\"wp-image-50\"\/><\/figure>\n\n\n\n<div style=\"height:32px\" aria-hidden=\"true\" class=\"wp-block-spacer\"><\/div>\n<\/div>\n\n\n\n<div style=\"height:100px\" aria-hidden=\"true\" class=\"wp-block-spacer is-style-spacer-large\"><\/div>\n\n\n\n\n<div class=\"block-references\" >\n\n    \n        <div class=\"slider\" id=\"slider\" >\n\n\t\t\t<div class=\"slider-wrapper\">\n\n\t\t\t\t\n\t\t\t\t\t<div class=\"slider-slide\">\n\n\t\t\t\t\t\t\n\t\t\t\t\t\t\t<img decoding=\"async\" src=\"https:\/\/www.eklesio.com\/studio\/wp-content\/uploads\/2025\/03\/banque-populaire-ara-logo-2lg-rvb-p.png\">\n\n\t\t\t\t\t\t    \n\t\t\t\t\t\t\n\t\t\t\t\t<\/div>\n\n\t\t\t\t\n\t\t\t\t\t<div class=\"slider-slide\">\n\n\t\t\t\t\t\t\n\t\t\t\t\t\t\t<img decoding=\"async\" src=\"https:\/\/www.eklesio.com\/studio\/wp-content\/uploads\/2025\/03\/comexposium.png\">\n\n\t\t\t\t\t\t    \n\t\t\t\t\t\t\n\t\t\t\t\t<\/div>\n\n\t\t\t\t\n\t\t\t\t\t<div class=\"slider-slide\">\n\n\t\t\t\t\t\t\n\t\t\t\t\t\t\t<img decoding=\"async\" src=\"https:\/\/www.eklesio.com\/studio\/wp-content\/uploads\/2025\/03\/LOGO-TOULOUSE-EVENTS-NOIR-RVB-scaled.jpg\">\n\n\t\t\t\t\t\t    \n\t\t\t\t\t\t\n\t\t\t\t\t<\/div>\n\n\t\t\t\t\n\t\t\t\t\t<div class=\"slider-slide\">\n\n\t\t\t\t\t\t\n\t\t\t\t\t\t\t<img decoding=\"async\" src=\"https:\/\/www.eklesio.com\/studio\/wp-content\/uploads\/2025\/03\/logo-handicap-fr.gif\">\n\n\t\t\t\t\t\t    \n\t\t\t\t\t\t\n\t\t\t\t\t<\/div>\n\n\t\t\t\t\n\t\t\t\t\t<div class=\"slider-slide\">\n\n\t\t\t\t\t\t\n\t\t\t\t\t\t\t<img decoding=\"async\" src=\"https:\/\/www.eklesio.com\/studio\/wp-content\/uploads\/2025\/03\/Viatris.png.webp\">\n\n\t\t\t\t\t\t    \n\t\t\t\t\t\t\n\t\t\t\t\t<\/div>\n\n\t\t\t\t\n\t\t\t<\/div>\n\n\t\t\n\t\t\t<div aria-hidden=\"true\" class=\"slider-wrapper\">\n\n\t\t\t\t\n\t\t\t\t\t<div class=\"slider-slide\">\n\n\t\t\t\t\t\t\n\t\t\t\t\t\t\t<img decoding=\"async\" src=\"https:\/\/www.eklesio.com\/studio\/wp-content\/uploads\/2025\/03\/banque-populaire-ara-logo-2lg-rvb-p.png\">\n\n\t\t\t\t\t\t    \n\t\t\t\t\t\t\n\t\t\t\t\t<\/div>\n\n\t\t\t\t\n\t\t\t\t\t<div class=\"slider-slide\">\n\n\t\t\t\t\t\t\n\t\t\t\t\t\t\t<img decoding=\"async\" src=\"https:\/\/www.eklesio.com\/studio\/wp-content\/uploads\/2025\/03\/comexposium.png\">\n\n\t\t\t\t\t\t    \n\t\t\t\t\t\t\n\t\t\t\t\t<\/div>\n\n\t\t\t\t\n\t\t\t\t\t<div class=\"slider-slide\">\n\n\t\t\t\t\t\t\n\t\t\t\t\t\t\t<img decoding=\"async\" src=\"https:\/\/www.eklesio.com\/studio\/wp-content\/uploads\/2025\/03\/LOGO-TOULOUSE-EVENTS-NOIR-RVB-scaled.jpg\">\n\n\t\t\t\t\t\t    \n\t\t\t\t\t\t\n\t\t\t\t\t<\/div>\n\n\t\t\t\t\n\t\t\t\t\t<div class=\"slider-slide\">\n\n\t\t\t\t\t\t\n\t\t\t\t\t\t\t<img decoding=\"async\" src=\"https:\/\/www.eklesio.com\/studio\/wp-content\/uploads\/2025\/03\/logo-handicap-fr.gif\">\n\n\t\t\t\t\t\t    \n\t\t\t\t\t\t\n\t\t\t\t\t<\/div>\n\n\t\t\t\t\n\t\t\t\t\t<div class=\"slider-slide\">\n\n\t\t\t\t\t\t\n\t\t\t\t\t\t\t<img decoding=\"async\" src=\"https:\/\/www.eklesio.com\/studio\/wp-content\/uploads\/2025\/03\/Viatris.png.webp\">\n\n\t\t\t\t\t\t    \n\t\t\t\t\t\t\n\t\t\t\t\t<\/div>\n\n\t\t\t\t\n\t\t\t<\/div>\n\n\t\t<\/div>\n\n    \n<\/div><\/div>\n","protected":false},"excerpt":{"rendered":"<p>Le studio d&rsquo;eklesio Le studio expert en email marketing, pour designer, int\u00e9grer et optimiser l&rsquo;impact de vos campagnes emails, gr\u00e2ce \u00e0 nos solutions sur mesure ! Emails marketing Boostez vos r\u00e9sultats avec des campagnes d\u2019email marketing strat\u00e9giques et cr\u00e9atives. Nous offrons des solutions compl\u00e8tes, de la conception \u00e0 l\u2019analyse, pour maximiser l\u2019engagement et la performance [&hellip;]<\/p>\n","protected":false},"author":1,"featured_media":0,"parent":0,"menu_order":0,"comment_status":"closed","ping_status":"closed","template":"","meta":{"_acf_changed":false,"footnotes":""},"class_list":["post-2","page","type-page","status-publish","hentry"],"acf":[],"_links":{"self":[{"href":"https:\/\/www.eklesio.com\/studio\/wp-json\/wp\/v2\/pages\/2","targetHints":{"allow":["GET"]}}],"collection":[{"href":"https:\/\/www.eklesio.com\/studio\/wp-json\/wp\/v2\/pages"}],"about":[{"href":"https:\/\/www.eklesio.com\/studio\/wp-json\/wp\/v2\/types\/page"}],"author":[{"embeddable":true,"href":"https:\/\/www.eklesio.com\/studio\/wp-json\/wp\/v2\/users\/1"}],"replies":[{"embeddable":true,"href":"https:\/\/www.eklesio.com\/studio\/wp-json\/wp\/v2\/comments?post=2"}],"version-history":[{"count":198,"href":"https:\/\/www.eklesio.com\/studio\/wp-json\/wp\/v2\/pages\/2\/revisions"}],"predecessor-version":[{"id":590,"href":"https:\/\/www.eklesio.com\/studio\/wp-json\/wp\/v2\/pages\/2\/revisions\/590"}],"wp:attachment":[{"href":"https:\/\/www.eklesio.com\/studio\/wp-json\/wp\/v2\/media?parent=2"}],"curies":[{"name":"wp","href":"https:\/\/api.w.org\/{rel}","templated":true}]}}